{"id":621,"date":"2020-10-06T00:20:23","date_gmt":"2020-10-05T22:20:23","guid":{"rendered":"https:\/\/exbc.rs\/kompanija\/procesuiranje-zahteva\/"},"modified":"2025-03-27T14:38:46","modified_gmt":"2025-03-27T13:38:46","slug":"request-processing","status":"publish","type":"page","link":"https:\/\/exbc.rs\/en\/company\/request-processing\/","title":{"rendered":"Request processing"},"content":{"rendered":"<div class=\"jas-row\">\n<div class=\"jas-col-md-6 jas-col-sm-12 jas-col-xs-12 mb__30\">\n<div class=\"bg-g\">\n<img decoding=\"async\" src=\"https:\/\/exbc.rs\/wp-content\/uploads\/2020\/10\/tehnicka-obrada.jpg\" alt=\"EX BC | Tehni\u010dka obrada\"><\/p>\n<h2>Tehni\u010dka obrada<\/h2>\n<ul class=\"koraci\">\n<li><span>1. korak:<\/span> Izrada strukturalnog 3D modela<\/li>\n<li><span>2. korak:<\/span> Strukturalna analiza i dizajn<\/li>\n<li><span>3. korak:<\/span> Izrada radioni\u010dkih crte\u017ea<\/li>\n<li><span>4. korak:<\/span> Izrada tehnolo\u0161ke dokumentacije<\/li>\n<li><span>5. korak:<\/span> Izrada planova monta\u017ee<\/li>\n<\/ul>\n<\/div>\n<\/div>\n<div class=\"jas-col-md-6 jas-col-sm-12 jas-col-xs-12 mb__30\">\n<div class=\"bg-g\">\n<img decoding=\"async\" src=\"https:\/\/exbc.rs\/wp-content\/uploads\/2020\/10\/fabrikacija.jpg\" alt=\"EX BC | Fabrikacija\"><\/p>\n<h2>Fabrikacija<\/h2>\n<ul class=\"koraci\">\n<li><span>1. korak:<\/span> Planiranje proizvodnje<\/li>\n<li><span>2. korak:<\/span> Peskarenje<\/li>\n<li><span>3. korak:<\/span> Mehani\u010dka obrada\/se\u010denje i bu\u0161enje<\/li>\n<li><span>4. korak:<\/span> Izrada sklopova<\/li>\n<li><span>5. korak:<\/span> Zavarivanje<\/li>\n<li><span>6. korak:<\/span> Farbanje<\/li>\n<\/ul>\n<\/div>\n<\/div>\n<div class=\"jas-col-md-6 jas-col-sm-12 jas-col-xs-12 mb__30\">\n<div class=\"bg-g\">\n<img decoding=\"async\" src=\"https:\/\/exbc.rs\/wp-content\/uploads\/2020\/10\/montaza.jpg\" alt=\"EX BC | Monta\u017ea\"><\/p>\n<h2>Monta\u017ea<\/h2>\n<ul class=\"koraci\">\n<li><span>1. korak:<\/span> Transport<\/li>\n<li><span>2. korak:<\/span> Monta\u017ea<\/li>\n<li><span>3. korak:<\/span> Primopredaja radova<\/li>\n<\/ul>\n<\/div>\n<\/div>\n<\/div>\n","protected":false},"excerpt":{"rendered":"<p>Tehni\u010dka obrada 1. korak: Izrada strukturalnog 3D modela 2. korak: Strukturalna analiza i dizajn 3. korak: Izrada radioni\u010dkih crte\u017ea 4&#8230;.<\/p>\n","protected":false},"author":1,"featured_media":0,"parent":616,"menu_order":4,"comment_status":"closed","ping_status":"closed","template":"full-100-with-img.php","meta":{"footnotes":""},"class_list":["post-621","page","type-page","status-publish","hentry"],"acf":[],"_links":{"self":[{"href":"https:\/\/exbc.rs\/en\/wp-json\/wp\/v2\/pages\/621","targetHints":{"allow":["GET"]}}],"collection":[{"href":"https:\/\/exbc.rs\/en\/wp-json\/wp\/v2\/pages"}],"about":[{"href":"https:\/\/exbc.rs\/en\/wp-json\/wp\/v2\/types\/page"}],"author":[{"embeddable":true,"href":"https:\/\/exbc.rs\/en\/wp-json\/wp\/v2\/users\/1"}],"replies":[{"embeddable":true,"href":"https:\/\/exbc.rs\/en\/wp-json\/wp\/v2\/comments?post=621"}],"version-history":[{"count":1,"href":"https:\/\/exbc.rs\/en\/wp-json\/wp\/v2\/pages\/621\/revisions"}],"predecessor-version":[{"id":646,"href":"https:\/\/exbc.rs\/en\/wp-json\/wp\/v2\/pages\/621\/revisions\/646"}],"up":[{"embeddable":true,"href":"https:\/\/exbc.rs\/en\/wp-json\/wp\/v2\/pages\/616"}],"wp:attachment":[{"href":"https:\/\/exbc.rs\/en\/wp-json\/wp\/v2\/media?parent=621"}],"curies":[{"name":"wp","href":"https:\/\/api.w.org\/{rel}","templated":true}]}}